{"id":1682,"date":"2023-04-13T13:46:31","date_gmt":"2023-04-13T06:46:31","guid":{"rendered":"https:\/\/netviet.vn\/san-pham\/chan-de-vali\/"},"modified":"2023-07-17T13:37:29","modified_gmt":"2023-07-17T06:37:29","slug":"chan-de-vali","status":"publish","type":"product","link":"https:\/\/netviet.vn\/en\/san-pham\/chan-de-vali\/","title":{"rendered":"Buffer plastic button for bottom of suitcase"},"content":{"rendered":"","protected":false},"excerpt":{"rendered":"<div><strong>Li\u00ean h\u1ec7 b\u00e1o gi\u00e1<\/strong><\/div>\n<div><strong>M\u00e3 s\u1ed1: NVB44<\/strong><\/div>\n<div class=\"data13\"><strong>S\u1ea3n ph\u1ea9m:<\/strong> D\u00f9ng cho ba l\u00f4, t\u00fai x\u00e1ch\u2026<br \/>\n<strong>K\u00edch th\u01b0\u1edbc: 20mm<\/strong><\/p>\n<div class=\"data13\"><strong>M\u00e0u s\u1eafc: <\/strong>T\u00f9y ch\u1ecdn<\/div>\n<div><strong>Ch\u1ea5t li\u1ec7u:<\/strong> Li\u00ean h\u1ec7<\/div>\n<\/div>\n","protected":false},"featured_media":1391,"comment_status":"closed","ping_status":"closed","template":"","meta":{"site-sidebar-layout":"default","site-content-layout":"default","ast-global-header-display":"","ast-banner-title-visibility":"","ast-main-header-display":"","ast-hfb-above-header-display":"","ast-hfb-below-header-display":"","ast-hfb-mobile-header-display":"","site-post-title":"","ast-breadcrumbs-content":"","ast-featured-img":"","footer-sml-layout":"","theme-transparent-header-meta":"","adv-header-id-meta":"","stick-header-meta":"","header-above-stick-meta":"","header-main-stick-meta":"","header-below-stick-meta":""},"product_cat":[69],"product_tag":[],"class_list":{"0":"post-1682","1":"product","2":"type-product","3":"status-publish","4":"has-post-thumbnail","6":"product_cat-backpack-bags","7":"desktop-align-left","8":"tablet-align-left","9":"mobile-align-left","10":"ast-product-gallery-layout-horizontal-slider","11":"ast-product-gallery-with-no-image","12":"ast-product-tabs-layout-horizontal","14":"first","15":"instock","16":"shipping-taxable","17":"product-type-simple"},"_links":{"self":[{"href":"https:\/\/netviet.vn\/en\/wp-json\/wp\/v2\/product\/1682","targetHints":{"allow":["GET"]}}],"collection":[{"href":"https:\/\/netviet.vn\/en\/wp-json\/wp\/v2\/product"}],"about":[{"href":"https:\/\/netviet.vn\/en\/wp-json\/wp\/v2\/types\/product"}],"replies":[{"embeddable":true,"href":"https:\/\/netviet.vn\/en\/wp-json\/wp\/v2\/comments?post=1682"}],"wp:featuredmedia":[{"embeddable":true,"href":"https:\/\/netviet.vn\/en\/wp-json\/wp\/v2\/media\/1391"}],"wp:attachment":[{"href":"https:\/\/netviet.vn\/en\/wp-json\/wp\/v2\/media?parent=1682"}],"wp:term":[{"taxonomy":"product_cat","embeddable":true,"href":"https:\/\/netviet.vn\/en\/wp-json\/wp\/v2\/product_cat?post=1682"},{"taxonomy":"product_tag","embeddable":true,"href":"https:\/\/netviet.vn\/en\/wp-json\/wp\/v2\/product_tag?post=1682"}],"curies":[{"name":"wp","href":"https:\/\/api.w.org\/{rel}","templated":true}]}}